{"id":114,"date":"2017-01-26T07:16:55","date_gmt":"2017-01-26T06:16:55","guid":{"rendered":"http:\/\/www.lichtwellen-technik.de\/?page_id=114"},"modified":"2017-03-04T13:30:01","modified_gmt":"2017-03-04T12:30:01","slug":"ueber-uns","status":"publish","type":"page","link":"https:\/\/www.lichtwellen-technik.de\/?page_id=114","title":{"rendered":"\u00dcber uns"},"content":{"rendered":"<div id=\"pl-114\"  class=\"panel-layout\" ><div id=\"pg-114-0\"  class=\"panel-grid panel-has-style\" ><div style=\"padding: 100px 0; \" class=\"panel-row-style panel-row-style-for-114-0\" ><div id=\"pgc-114-0-0\"  class=\"panel-grid-cell\" ><div id=\"panel-114-0-0-0\" class=\"so-panel widget widget_sow-editor panel-first-child panel-last-child\" data-index=\"0\" ><div\n\t\t\t\n\t\t\tclass=\"so-widget-sow-editor so-widget-sow-editor-base\"\n\t\t\t\n\t\t><h3 class=\"widget-title\">\u00dcber uns<\/h3>\n<div class=\"siteorigin-widget-tinymce textwidget\">\n\t<p>Tekonet ist ein Full Service Dienstleister mit langj\u00e4hriger Erfahrung in allen Bereichen der Daten- und Netzwerktechnik. Wir bieten Ihnen sowohl f\u00fcr die passive Infrastruktur als auch f\u00fcr alle aktiven Komponenten bis hin zu Troubleshooting und Netzwerkanalyse individuelle und professionelle L\u00f6sungen. Als Partner des Elektrohandwerks unterst\u00fctzen wir Sie bei der Konzeption und Installation von Datennetzwerken aller Art. Dazu geh\u00f6rt die Planung, Installation, Wartung und Zertifizierung von Glasfaser- und Kupfer-Netzwerken und die Betreuung aller aktiven Systeme im Routing- und Switching-Bereich. Wir analysieren zudem Netzwerke, beheben St\u00f6rungen und sorgen f\u00fcr einen reibungslosen Datenfluss, rund um die Uhr, an jedem Tag im Jahr.<\/p>\n<p>\u00a0<\/p>\n<\/div>\n<\/div><\/div><\/div><\/div><\/div><\/div>","protected":false},"excerpt":{"rendered":"<p>Tekonet ist ein Full Service Dienstleister mit langj\u00e4hriger Erfahrung in allen Bereichen der Daten- und Netzwerktechnik. Wir bieten Ihnen sowohl f\u00fcr die passive Infrastruktur als auch f\u00fcr alle aktiven Komponenten bis hin zu Troubleshooting und Netzwerkanalyse individuelle und professionelle L\u00f6sungen. Als Partner des Elektrohandwerks unterst\u00fctzen wir Sie bei der Konzeption und Installation von Datennetzwerken aller [&hellip;]<\/p>\n","protected":false},"author":5,"featured_media":0,"parent":0,"menu_order":0,"comment_status":"closed","ping_status":"closed","template":"page-templates\/page_single-crelly-wide.php","meta":{"footnotes":""},"class_list":["post-114","page","type-page","status-publish","hentry"],"_links":{"self":[{"href":"https:\/\/www.lichtwellen-technik.de\/index.php?rest_route=\/wp\/v2\/pages\/114","targetHints":{"allow":["GET"]}}],"collection":[{"href":"https:\/\/www.lichtwellen-technik.de\/index.php?rest_route=\/wp\/v2\/pages"}],"about":[{"href":"https:\/\/www.lichtwellen-technik.de\/index.php?rest_route=\/wp\/v2\/types\/page"}],"author":[{"embeddable":true,"href":"https:\/\/www.lichtwellen-technik.de\/index.php?rest_route=\/wp\/v2\/users\/5"}],"replies":[{"embeddable":true,"href":"https:\/\/www.lichtwellen-technik.de\/index.php?rest_route=%2Fwp%2Fv2%2Fcomments&post=114"}],"version-history":[{"count":6,"href":"https:\/\/www.lichtwellen-technik.de\/index.php?rest_route=\/wp\/v2\/pages\/114\/revisions"}],"predecessor-version":[{"id":257,"href":"https:\/\/www.lichtwellen-technik.de\/index.php?rest_route=\/wp\/v2\/pages\/114\/revisions\/257"}],"wp:attachment":[{"href":"https:\/\/www.lichtwellen-technik.de\/index.php?rest_route=%2Fwp%2Fv2%2Fmedia&parent=114"}],"curies":[{"name":"wp","href":"https:\/\/api.w.org\/{rel}","templated":true}]}}