{"id":29,"date":"2017-01-23T11:36:09","date_gmt":"2017-01-23T10:36:09","guid":{"rendered":"http:\/\/www.lichtwellen-technik.de\/?page_id=29"},"modified":"2020-10-07T06:04:23","modified_gmt":"2020-10-07T04:04:23","slug":"otdr","status":"publish","type":"page","link":"https:\/\/www.lichtwellen-technik.de\/?page_id=29","title":{"rendered":"OTDR"},"content":{"rendered":"<div id=\"pl-29\"  class=\"panel-layout\" ><div id=\"pg-29-0\"  class=\"panel-grid panel-has-style\" ><div style=\"padding: 0px 0; \" class=\"panel-row-style panel-row-style-for-29-0\" ><div id=\"pgc-29-0-0\"  class=\"panel-grid-cell\" ><div id=\"panel-29-0-0-0\" class=\"so-panel widget widget_sow-editor panel-first-child panel-last-child\" data-index=\"0\" ><div\n\t\t\t\n\t\t\tclass=\"so-widget-sow-editor so-widget-sow-editor-base\"\n\t\t\t\n\t\t><h3 class=\"widget-title\">Exfo OTDR MaxTester-720c Quad<\/h3>\n<div class=\"siteorigin-widget-tinymce textwidget\">\n\t<p><span>Der MaxTester 720C (MAX-720C) bietet dank seiner kurzen Totzonen und seines effektiven Dynamikbereichs eine <\/span><strong><span>erstmalige Charakterisierung der richtigen Fasern<\/span><\/strong><span> . Diese kompakte Quad-Einheit ist <\/span><strong><span>f\u00fcr Singlemode- und Multimode-Feldtests<\/span><\/strong><span> f\u00fcr <\/span><strong><span>Rechenzentren, private \/ Unternehmensnetzwerke, FTTA- und Fronthaul-Bereitstellungen optimiert.<\/span><\/strong><\/p>\n<\/div>\n<\/div><\/div><\/div><\/div><\/div><div id=\"pg-29-1\"  class=\"panel-grid panel-has-style\" ><div style=\"padding: 100px 0; \" class=\"panel-row-style panel-row-style-for-29-1\" ><div id=\"pgc-29-1-0\"  class=\"panel-grid-cell\" ><div id=\"panel-29-1-0-0\" class=\"so-panel widget widget_sow-slider panel-first-child panel-last-child\" data-index=\"1\" ><div\n\t\t\t\n\t\t\tclass=\"so-widget-sow-slider so-widget-sow-slider-default-6d39609536fd-29\"\n\t\t\t\n\t\t>\t\t\t\t<div class=\"sow-slider-base\" style=\"display: none\" tabindex=\"0\">\n\t\t\t\t\t<ul\n\t\t\t\t\tclass=\"sow-slider-images\"\n\t\t\t\t\tdata-settings=\"{&quot;pagination&quot;:true,&quot;speed&quot;:800,&quot;timeout&quot;:8000,&quot;paused&quot;:false,&quot;pause_on_hover&quot;:false,&quot;swipe&quot;:true,&quot;nav_always_show_desktop&quot;:&quot;&quot;,&quot;nav_always_show_mobile&quot;:&quot;&quot;,&quot;breakpoint&quot;:&quot;780px&quot;,&quot;unmute&quot;:false,&quot;anchor&quot;:null}\"\n\t\t\t\t\t\t\t\t\t\tdata-anchor-id=\"\"\n\t\t\t\t>\t\t<li class=\"sow-slider-image\" style=\"visibility: visible;\" >\n\t\t\t\t\t\t<img loading=\"lazy\" decoding=\"async\" width=\"2016\" height=\"1512\" src=\"https:\/\/www.lichtwellen-technik.de\/wp-content\/uploads\/2020\/10\/bild-6.jpg\" class=\"sow-slider-background-image\" alt=\"\" style=\"\" srcset=\"https:\/\/www.lichtwellen-technik.de\/wp-content\/uploads\/2020\/10\/bild-6.jpg 2016w, https:\/\/www.lichtwellen-technik.de\/wp-content\/uploads\/2020\/10\/bild-6-300x225.jpg 300w, https:\/\/www.lichtwellen-technik.de\/wp-content\/uploads\/2020\/10\/bild-6-1024x768.jpg 1024w, https:\/\/www.lichtwellen-technik.de\/wp-content\/uploads\/2020\/10\/bild-6-768x576.jpg 768w, https:\/\/www.lichtwellen-technik.de\/wp-content\/uploads\/2020\/10\/bild-6-1536x1152.jpg 1536w, https:\/\/www.lichtwellen-technik.de\/wp-content\/uploads\/2020\/10\/bild-6-700x525.jpg 700w, https:\/\/www.lichtwellen-technik.de\/wp-content\/uploads\/2020\/10\/bild-6-410x308.jpg 410w, https:\/\/www.lichtwellen-technik.de\/wp-content\/uploads\/2020\/10\/bild-6-100x75.jpg 100w, https:\/\/www.lichtwellen-technik.de\/wp-content\/uploads\/2020\/10\/bild-6-275x206.jpg 275w\" sizes=\"auto, (max-width: 2016px) 100vw, 2016px\" \/>\t\t<\/li>\n\t\t\t\t<li class=\"sow-slider-image\" style=\"visibility: hidden;\" >\n\t\t\t\t\t\t<img loading=\"lazy\" decoding=\"async\" width=\"798\" height=\"477\" src=\"https:\/\/www.lichtwellen-technik.de\/wp-content\/uploads\/2020\/10\/otdr-1.png\" class=\"sow-slider-background-image\" alt=\"\" style=\"\" srcset=\"https:\/\/www.lichtwellen-technik.de\/wp-content\/uploads\/2020\/10\/otdr-1.png 798w, https:\/\/www.lichtwellen-technik.de\/wp-content\/uploads\/2020\/10\/otdr-1-300x179.png 300w, https:\/\/www.lichtwellen-technik.de\/wp-content\/uploads\/2020\/10\/otdr-1-768x459.png 768w, https:\/\/www.lichtwellen-technik.de\/wp-content\/uploads\/2020\/10\/otdr-1-700x418.png 700w, https:\/\/www.lichtwellen-technik.de\/wp-content\/uploads\/2020\/10\/otdr-1-410x245.png 410w, https:\/\/www.lichtwellen-technik.de\/wp-content\/uploads\/2020\/10\/otdr-1-100x60.png 100w, https:\/\/www.lichtwellen-technik.de\/wp-content\/uploads\/2020\/10\/otdr-1-275x164.png 275w\" sizes=\"auto, (max-width: 798px) 100vw, 798px\" \/>\t\t<\/li>\n\t\t\t\t<li class=\"sow-slider-image\" style=\"visibility: hidden;\" >\n\t\t\t\t\t\t<img loading=\"lazy\" decoding=\"async\" width=\"798\" height=\"478\" src=\"https:\/\/www.lichtwellen-technik.de\/wp-content\/uploads\/2020\/10\/otdr-2.png\" class=\"sow-slider-background-image\" alt=\"\" style=\"\" srcset=\"https:\/\/www.lichtwellen-technik.de\/wp-content\/uploads\/2020\/10\/otdr-2.png 798w, https:\/\/www.lichtwellen-technik.de\/wp-content\/uploads\/2020\/10\/otdr-2-300x180.png 300w, https:\/\/www.lichtwellen-technik.de\/wp-content\/uploads\/2020\/10\/otdr-2-768x460.png 768w, https:\/\/www.lichtwellen-technik.de\/wp-content\/uploads\/2020\/10\/otdr-2-700x419.png 700w, https:\/\/www.lichtwellen-technik.de\/wp-content\/uploads\/2020\/10\/otdr-2-410x246.png 410w, https:\/\/www.lichtwellen-technik.de\/wp-content\/uploads\/2020\/10\/otdr-2-100x60.png 100w, https:\/\/www.lichtwellen-technik.de\/wp-content\/uploads\/2020\/10\/otdr-2-275x165.png 275w\" sizes=\"auto, (max-width: 798px) 100vw, 798px\" \/>\t\t<\/li>\n\t\t\t\t<li class=\"sow-slider-image\" style=\"visibility: hidden;\" >\n\t\t\t\t\t\t<img loading=\"lazy\" decoding=\"async\" width=\"799\" height=\"482\" src=\"https:\/\/www.lichtwellen-technik.de\/wp-content\/uploads\/2020\/10\/otdr-4.png\" class=\"sow-slider-background-image\" alt=\"\" style=\"\" srcset=\"https:\/\/www.lichtwellen-technik.de\/wp-content\/uploads\/2020\/10\/otdr-4.png 799w, https:\/\/www.lichtwellen-technik.de\/wp-content\/uploads\/2020\/10\/otdr-4-300x181.png 300w, https:\/\/www.lichtwellen-technik.de\/wp-content\/uploads\/2020\/10\/otdr-4-768x463.png 768w, https:\/\/www.lichtwellen-technik.de\/wp-content\/uploads\/2020\/10\/otdr-4-700x422.png 700w, https:\/\/www.lichtwellen-technik.de\/wp-content\/uploads\/2020\/10\/otdr-4-410x247.png 410w, https:\/\/www.lichtwellen-technik.de\/wp-content\/uploads\/2020\/10\/otdr-4-100x60.png 100w, https:\/\/www.lichtwellen-technik.de\/wp-content\/uploads\/2020\/10\/otdr-4-275x166.png 275w\" sizes=\"auto, (max-width: 799px) 100vw, 799px\" \/>\t\t<\/li>\n\t\t\t\t<li class=\"sow-slider-image\" style=\"visibility: hidden;\" >\n\t\t\t\t\t\t<img loading=\"lazy\" decoding=\"async\" width=\"798\" height=\"481\" src=\"https:\/\/www.lichtwellen-technik.de\/wp-content\/uploads\/2020\/10\/otdr-3.png\" class=\"sow-slider-background-image\" alt=\"\" style=\"\" srcset=\"https:\/\/www.lichtwellen-technik.de\/wp-content\/uploads\/2020\/10\/otdr-3.png 798w, https:\/\/www.lichtwellen-technik.de\/wp-content\/uploads\/2020\/10\/otdr-3-300x181.png 300w, https:\/\/www.lichtwellen-technik.de\/wp-content\/uploads\/2020\/10\/otdr-3-768x463.png 768w, https:\/\/www.lichtwellen-technik.de\/wp-content\/uploads\/2020\/10\/otdr-3-700x422.png 700w, https:\/\/www.lichtwellen-technik.de\/wp-content\/uploads\/2020\/10\/otdr-3-410x247.png 410w, https:\/\/www.lichtwellen-technik.de\/wp-content\/uploads\/2020\/10\/otdr-3-100x60.png 100w, https:\/\/www.lichtwellen-technik.de\/wp-content\/uploads\/2020\/10\/otdr-3-275x166.png 275w\" sizes=\"auto, (max-width: 798px) 100vw, 798px\" \/>\t\t<\/li>\n\t\t<\/ul>\t\t\t\t<ol class=\"sow-slider-pagination\">\n\t\t\t\t\t\t\t\t\t\t\t<li><a href=\"#\" data-goto=\"0\" aria-label=\"Display slide 1\"><\/a><\/li>\n\t\t\t\t\t\t\t\t\t\t\t<li><a href=\"#\" data-goto=\"1\" aria-label=\"Display slide 2\"><\/a><\/li>\n\t\t\t\t\t\t\t\t\t\t\t<li><a href=\"#\" data-goto=\"2\" aria-label=\"Display slide 3\"><\/a><\/li>\n\t\t\t\t\t\t\t\t\t\t\t<li><a href=\"#\" data-goto=\"3\" aria-label=\"Display slide 4\"><\/a><\/li>\n\t\t\t\t\t\t\t\t\t\t\t<li><a href=\"#\" data-goto=\"4\" aria-label=\"Display slide 5\"><\/a><\/li>\n\t\t\t\t\t\t\t\t\t<\/ol>\n\n\t\t\t\t<div class=\"sow-slide-nav sow-slide-nav-next\">\n\t\t\t\t\t<a href=\"#\" data-goto=\"next\" aria-label=\"Next slide\" data-action=\"next\">\n\t\t\t\t\t\t<em class=\"sow-sld-icon-thin-right\"><\/em>\n\t\t\t\t\t<\/a>\n\t\t\t\t<\/div>\n\n\t\t\t\t<div class=\"sow-slide-nav sow-slide-nav-prev\">\n\t\t\t\t\t<a href=\"#\" data-goto=\"previous\" aria-label=\"Previous slide\" data-action=\"prev\">\n\t\t\t\t\t\t<em class=\"sow-sld-icon-thin-left\"><\/em>\n\t\t\t\t\t<\/a>\n\t\t\t\t<\/div>\n\t\t\t\t<\/div><\/div><\/div><\/div><\/div><\/div><div id=\"pg-29-2\"  class=\"panel-grid panel-has-style\" ><div style=\"padding: 100px 0; \" class=\"panel-row-style panel-row-style-for-29-2\" ><div id=\"pgc-29-2-0\"  class=\"panel-grid-cell\" ><div id=\"panel-29-2-0-0\" class=\"so-panel widget widget_sow-editor panel-first-child panel-last-child\" data-index=\"2\" ><div\n\t\t\t\n\t\t\tclass=\"so-widget-sow-editor so-widget-sow-editor-base\"\n\t\t\t\n\t\t><h3 class=\"widget-title\">EXFO OTDR FTB-150<\/h3>\n<div class=\"siteorigin-widget-tinymce textwidget\">\n\t<p>Das EXFO OTDR FTB-150 ist werkseitig f\u00fcr die Aufnahme aller OTDR-Konfigurationen ausgelegt (siehe EXFO OTDR FTB-7000) und deckt mit einer breitgef\u00e4cherten Wellenl\u00e4ngenauswahl von 850, 1300, 1310, 1490, 1550 bis 1625nm alle Glasfaseranwendungen von WAN bis hin zu Metro-, FTTH- und LAN-Netzwerken ab inkl. einer PON-Variante mit gefiltertem OTDR-Eingang f\u00fcr Messungen w\u00e4hrend des Betriebs.<\/p>\n<\/div>\n<\/div><\/div><\/div><\/div><\/div><div id=\"pg-29-3\"  class=\"panel-grid panel-has-style\" ><div class=\"siteorigin-panels-stretch rocked-stretch panel-row-style panel-row-style-for-29-3\" style=\"text-align: center;padding: 0px 0; \" data-stretch-type=\"full\" ><div id=\"pgc-29-3-0\"  class=\"panel-grid-cell\" ><div id=\"panel-29-3-0-0\" class=\"so-panel widget widget_sow-slider panel-first-child panel-last-child\" data-index=\"3\" ><div\n\t\t\t\n\t\t\tclass=\"so-widget-sow-slider so-widget-sow-slider-default-6d39609536fd-29\"\n\t\t\t\n\t\t>\t\t\t\t<div class=\"sow-slider-base\" style=\"display: none\" tabindex=\"0\">\n\t\t\t\t\t<ul\n\t\t\t\t\tclass=\"sow-slider-images\"\n\t\t\t\t\tdata-settings=\"{&quot;pagination&quot;:true,&quot;speed&quot;:800,&quot;timeout&quot;:8000,&quot;paused&quot;:false,&quot;pause_on_hover&quot;:false,&quot;swipe&quot;:true,&quot;nav_always_show_desktop&quot;:&quot;&quot;,&quot;nav_always_show_mobile&quot;:&quot;&quot;,&quot;breakpoint&quot;:&quot;780px&quot;,&quot;unmute&quot;:false,&quot;anchor&quot;:null}\"\n\t\t\t\t\t\t\t\t\t\tdata-anchor-id=\"\"\n\t\t\t\t>\t\t<li class=\"sow-slider-image\" style=\"visibility: visible;\" >\n\t\t\t\t\t\t<img loading=\"lazy\" decoding=\"async\" width=\"800\" height=\"530\" src=\"https:\/\/www.lichtwellen-technik.de\/wp-content\/uploads\/2017\/01\/DSC0358.jpg\" class=\"sow-slider-background-image\" alt=\"\" style=\"\" srcset=\"https:\/\/www.lichtwellen-technik.de\/wp-content\/uploads\/2017\/01\/DSC0358.jpg 800w, https:\/\/www.lichtwellen-technik.de\/wp-content\/uploads\/2017\/01\/DSC0358-300x199.jpg 300w, https:\/\/www.lichtwellen-technik.de\/wp-content\/uploads\/2017\/01\/DSC0358-768x509.jpg 768w, https:\/\/www.lichtwellen-technik.de\/wp-content\/uploads\/2017\/01\/DSC0358-700x464.jpg 700w, https:\/\/www.lichtwellen-technik.de\/wp-content\/uploads\/2017\/01\/DSC0358-410x272.jpg 410w, https:\/\/www.lichtwellen-technik.de\/wp-content\/uploads\/2017\/01\/DSC0358-100x66.jpg 100w, https:\/\/www.lichtwellen-technik.de\/wp-content\/uploads\/2017\/01\/DSC0358-275x182.jpg 275w\" sizes=\"auto, (max-width: 800px) 100vw, 800px\" \/>\t\t<\/li>\n\t\t\t\t<li class=\"sow-slider-image\" style=\"visibility: hidden;\" >\n\t\t\t\t\t\t<img loading=\"lazy\" decoding=\"async\" width=\"800\" height=\"532\" src=\"https:\/\/www.lichtwellen-technik.de\/wp-content\/uploads\/2017\/01\/DSC_6015.jpg\" class=\"sow-slider-background-image\" alt=\"\" style=\"\" srcset=\"https:\/\/www.lichtwellen-technik.de\/wp-content\/uploads\/2017\/01\/DSC_6015.jpg 800w, https:\/\/www.lichtwellen-technik.de\/wp-content\/uploads\/2017\/01\/DSC_6015-300x200.jpg 300w, https:\/\/www.lichtwellen-technik.de\/wp-content\/uploads\/2017\/01\/DSC_6015-768x511.jpg 768w, https:\/\/www.lichtwellen-technik.de\/wp-content\/uploads\/2017\/01\/DSC_6015-700x466.jpg 700w, https:\/\/www.lichtwellen-technik.de\/wp-content\/uploads\/2017\/01\/DSC_6015-410x273.jpg 410w, https:\/\/www.lichtwellen-technik.de\/wp-content\/uploads\/2017\/01\/DSC_6015-100x67.jpg 100w, https:\/\/www.lichtwellen-technik.de\/wp-content\/uploads\/2017\/01\/DSC_6015-275x183.jpg 275w, https:\/\/www.lichtwellen-technik.de\/wp-content\/uploads\/2017\/01\/DSC_6015-272x182.jpg 272w\" sizes=\"auto, (max-width: 800px) 100vw, 800px\" \/>\t\t<\/li>\n\t\t\t\t<li class=\"sow-slider-image\" style=\"visibility: hidden;\" >\n\t\t\t\t\t\t<img loading=\"lazy\" decoding=\"async\" width=\"1213\" height=\"898\" src=\"https:\/\/www.lichtwellen-technik.de\/wp-content\/uploads\/2017\/01\/otdr-messung.jpg\" class=\"sow-slider-background-image\" alt=\"\" style=\"\" srcset=\"https:\/\/www.lichtwellen-technik.de\/wp-content\/uploads\/2017\/01\/otdr-messung.jpg 1213w, https:\/\/www.lichtwellen-technik.de\/wp-content\/uploads\/2017\/01\/otdr-messung-300x222.jpg 300w, https:\/\/www.lichtwellen-technik.de\/wp-content\/uploads\/2017\/01\/otdr-messung-768x569.jpg 768w, https:\/\/www.lichtwellen-technik.de\/wp-content\/uploads\/2017\/01\/otdr-messung-1024x758.jpg 1024w, https:\/\/www.lichtwellen-technik.de\/wp-content\/uploads\/2017\/01\/otdr-messung-700x518.jpg 700w, https:\/\/www.lichtwellen-technik.de\/wp-content\/uploads\/2017\/01\/otdr-messung-410x304.jpg 410w, https:\/\/www.lichtwellen-technik.de\/wp-content\/uploads\/2017\/01\/otdr-messung-100x74.jpg 100w, https:\/\/www.lichtwellen-technik.de\/wp-content\/uploads\/2017\/01\/otdr-messung-275x204.jpg 275w\" sizes=\"auto, (max-width: 1213px) 100vw, 1213px\" \/>\t\t<\/li>\n\t\t<\/ul>\t\t\t\t<ol class=\"sow-slider-pagination\">\n\t\t\t\t\t\t\t\t\t\t\t<li><a href=\"#\" data-goto=\"0\" aria-label=\"Display slide 1\"><\/a><\/li>\n\t\t\t\t\t\t\t\t\t\t\t<li><a href=\"#\" data-goto=\"1\" aria-label=\"Display slide 2\"><\/a><\/li>\n\t\t\t\t\t\t\t\t\t\t\t<li><a href=\"#\" data-goto=\"2\" aria-label=\"Display slide 3\"><\/a><\/li>\n\t\t\t\t\t\t\t\t\t<\/ol>\n\n\t\t\t\t<div class=\"sow-slide-nav sow-slide-nav-next\">\n\t\t\t\t\t<a href=\"#\" data-goto=\"next\" aria-label=\"Next slide\" data-action=\"next\">\n\t\t\t\t\t\t<em class=\"sow-sld-icon-thin-right\"><\/em>\n\t\t\t\t\t<\/a>\n\t\t\t\t<\/div>\n\n\t\t\t\t<div class=\"sow-slide-nav sow-slide-nav-prev\">\n\t\t\t\t\t<a href=\"#\" data-goto=\"previous\" aria-label=\"Previous slide\" data-action=\"prev\">\n\t\t\t\t\t\t<em class=\"sow-sld-icon-thin-left\"><\/em>\n\t\t\t\t\t<\/a>\n\t\t\t\t<\/div>\n\t\t\t\t<\/div><\/div><\/div><\/div><\/div><\/div><div id=\"pg-29-4\"  class=\"panel-grid panel-has-style\" ><div style=\"padding: 20px 0; \" class=\"panel-row-style panel-row-style-for-29-4\" ><div id=\"pgc-29-4-0\"  class=\"panel-grid-cell\" ><div id=\"panel-29-4-0-0\" class=\"so-panel widget widget_sow-editor panel-first-child panel-last-child\" data-index=\"4\" ><div\n\t\t\t\n\t\t\tclass=\"so-widget-sow-editor so-widget-sow-editor-base\"\n\t\t\t\n\t\t>\n<div class=\"siteorigin-widget-tinymce textwidget\">\n\t<ul>\n<li>Bedienung \u00fcber Touchscreen oder Funktionstasten<\/li>\n<li>Geringes Gewicht 3kg<\/li>\n<li>Schnelle Messung, Verarbeitung und Berichterstellung<\/li>\n<li>USB-Daten\u00fcbertragung und Software-Upgrades mit AutoSync<\/li>\n<li>Fernsteuerung \u00fcber LAN-Interface mit VNC Software<\/li>\n<li>USB A\/A-B, RJ-45 und Bluetooth<\/li>\n<li>Compact Flash (Speicher, WiFi und Bluetooth)<\/li>\n<li>Spritzwassergesch\u00fctztes Geh\u00e4use mit Anschlussabdeckungen<\/li>\n<li>Transflektiver TFT-Bildschirm f\u00fcr bessere Lesbarkeit im Au\u00dfeneinsatz<\/li>\n<li>GR-196-CORE-kompatible Messdatenspeicherung<\/li>\n<li>Langer Akkubetrieb von \u00fcber 8 Stunden<\/li>\n<li>Visual Fault Locator (VFL)<\/li>\n<li>Videomikroskop mit bis zu 400-facher Vergr\u00f6\u00dferung<\/li>\n<li>Optisches Leistungsmessger\u00e4t<\/li>\n<li>Smart-Funktionen wie linear Trace View oder Macrobend Finder<\/li>\n<\/ul>\n<h3>\u00a0<\/h3>\n<\/div>\n<\/div><\/div><\/div><\/div><\/div><div id=\"pg-29-5\"  class=\"panel-grid panel-has-style\" ><div class=\"siteorigin-panels-stretch rocked-stretch panel-row-style panel-row-style-for-29-5\" style=\"text-align: center;padding: 0px 0; \" data-stretch-type=\"full\" ><div id=\"pgc-29-5-0\"  class=\"panel-grid-cell\" ><div id=\"panel-29-5-0-0\" class=\"so-panel widget widget_sow-editor panel-first-child panel-last-child\" data-index=\"5\" ><div\n\t\t\t\n\t\t\tclass=\"so-widget-sow-editor so-widget-sow-editor-base\"\n\t\t\t\n\t\t><h3 class=\"widget-title\">D\u00e4mpfungsmessger\u00e4t \u2013 Noyes OPM4<\/h3>\n<div class=\"siteorigin-widget-tinymce textwidget\">\n\t<h3><img loading=\"lazy\" decoding=\"async\" class=\"alignnone size-medium wp-image-96\" src=\"http:\/\/www.lichtwellen-technik.de\/wp-content\/uploads\/2017\/01\/daempfung-300x208.jpg\" alt=\"\" width=\"300\" height=\"208\" srcset=\"https:\/\/www.lichtwellen-technik.de\/wp-content\/uploads\/2017\/01\/daempfung-300x208.jpg 300w, https:\/\/www.lichtwellen-technik.de\/wp-content\/uploads\/2017\/01\/daempfung-768x533.jpg 768w, https:\/\/www.lichtwellen-technik.de\/wp-content\/uploads\/2017\/01\/daempfung-1024x711.jpg 1024w, https:\/\/www.lichtwellen-technik.de\/wp-content\/uploads\/2017\/01\/daempfung-700x486.jpg 700w, https:\/\/www.lichtwellen-technik.de\/wp-content\/uploads\/2017\/01\/daempfung-410x285.jpg 410w, https:\/\/www.lichtwellen-technik.de\/wp-content\/uploads\/2017\/01\/daempfung-100x69.jpg 100w, https:\/\/www.lichtwellen-technik.de\/wp-content\/uploads\/2017\/01\/daempfung-275x191.jpg 275w, https:\/\/www.lichtwellen-technik.de\/wp-content\/uploads\/2017\/01\/daempfung.jpg 1549w\" sizes=\"auto, (max-width: 300px) 100vw, 300px\" \/><\/h3>\n<h4>\u00a0<\/h4>\n<h4>Kalibrieren und Wartung der OTDR Me\u00dfger\u00e4te wird durch \"<a href=\"http:\/\/www.opternus.de\/\">Opternus<\/a>\" duchgef\u00fchrt<\/h4>\n<\/div>\n<\/div><\/div><\/div><\/div><\/div><\/div>","protected":false},"excerpt":{"rendered":"<p>Der MaxTester 720C (MAX-720C) bietet dank seiner kurzen Totzonen und seines effektiven Dynamikbereichs eine erstmalige Charakterisierung der richtigen Fasern . Diese kompakte Quad-Einheit ist f\u00fcr Singlemode- und Multimode-Feldtests f\u00fcr Rechenzentren, private \/ Unternehmensnetzwerke, FTTA- und Fronthaul-Bereitstellungen optimiert.<\/p>\n","protected":false},"author":5,"featured_media":0,"parent":0,"menu_order":0,"comment_status":"closed","ping_status":"closed","template":"page-templates\/page_no-header-wide.php","meta":{"footnotes":""},"class_list":["post-29","page","type-page","status-publish","hentry"],"_links":{"self":[{"href":"https:\/\/www.lichtwellen-technik.de\/index.php?rest_route=\/wp\/v2\/pages\/29","targetHints":{"allow":["GET"]}}],"collection":[{"href":"https:\/\/www.lichtwellen-technik.de\/index.php?rest_route=\/wp\/v2\/pages"}],"about":[{"href":"https:\/\/www.lichtwellen-technik.de\/index.php?rest_route=\/wp\/v2\/types\/page"}],"author":[{"embeddable":true,"href":"https:\/\/www.lichtwellen-technik.de\/index.php?rest_route=\/wp\/v2\/users\/5"}],"replies":[{"embeddable":true,"href":"https:\/\/www.lichtwellen-technik.de\/index.php?rest_route=%2Fwp%2Fv2%2Fcomments&post=29"}],"version-history":[{"count":22,"href":"https:\/\/www.lichtwellen-technik.de\/index.php?rest_route=\/wp\/v2\/pages\/29\/revisions"}],"predecessor-version":[{"id":464,"href":"https:\/\/www.lichtwellen-technik.de\/index.php?rest_route=\/wp\/v2\/pages\/29\/revisions\/464"}],"wp:attachment":[{"href":"https:\/\/www.lichtwellen-technik.de\/index.php?rest_route=%2Fwp%2Fv2%2Fmedia&parent=29"}],"curies":[{"name":"wp","href":"https:\/\/api.w.org\/{rel}","templated":true}]}}