{"id":31,"date":"2017-01-23T11:36:19","date_gmt":"2017-01-23T10:36:19","guid":{"rendered":"http:\/\/www.lichtwellen-technik.de\/?page_id=31"},"modified":"2023-10-13T10:20:16","modified_gmt":"2023-10-13T08:20:16","slug":"lichtwellenleiter","status":"publish","type":"page","link":"https:\/\/www.lichtwellen-technik.de\/","title":{"rendered":""},"content":{"rendered":"<div id=\"pl-31\"  class=\"panel-layout\" ><div id=\"pg-31-0\"  class=\"panel-grid panel-has-style\" ><div style=\"padding: 0px 0; \" class=\"panel-row-style panel-row-style-for-31-0\" ><div id=\"pgc-31-0-0\"  class=\"panel-grid-cell\" ><div id=\"panel-31-0-0-0\" class=\"so-panel widget widget_sow-editor panel-first-child panel-last-child\" data-index=\"0\" ><div\n\t\t\t\n\t\t\tclass=\"so-widget-sow-editor so-widget-sow-editor-base\"\n\t\t\t\n\t\t>\n<div class=\"siteorigin-widget-tinymce textwidget\">\n\t<h1><strong>Der Splei\u00df-Profi in NRW<\/strong><\/h1>\n<hr \/>\n<h2><a href=\"https:\/\/www.lichtwellen-technik.de\/?page_id=499\"><span style=\"color: #ff0000;\">Jobs: Wir suchen Dich!<\/span><\/a><\/h2>\n<hr \/>\n<h2><a href=\"https:\/\/www.lichtwellen-technik.de\/?page_id=210\"><span style=\"color: #ff0000;\">Achtung: Neue Preisliste ab Juli 2023<br \/>\n<\/span><\/a><\/h2>\n<hr \/>\n<p>Lichtwellen oder Glasfasernetzwerke finden sowohl in der Geb\u00e4ude- und Serveranbindung, aber auch in lokalen Netzwerken\u00a0Anwendung.<\/p>\n<p>Angefangen bei der fachgerechten <span style=\"color: #99cc00;\"><span style=\"color: #ff0000;\">Installation<\/span> <\/span>von <span style=\"color: #ff0000;\">Lichtwellenleiter-Kabel<\/span> \u00fcber die <span style=\"color: #99cc00;\"><span style=\"color: #000000;\">dazugeh\u00f6rigen\u00a0<\/span><\/span><span style=\"color: #99cc00;\"> <span style=\"color: #ff0000;\">Spleissarbeiten<\/span><\/span>\u00a0 (LWL Patchfelder -\u00a0FIST Muffentechnik) mit unserem<span style=\"color: #ff0000;\"><em> Spleissger\u00e4ten Fujikura FSM-90S+ FSM-60S<\/em><\/span> f\u00fcr alle g\u00e4ngigen <span style=\"color: #ff0000;\">Stecker-Bauformen (ST - SC - LC- E2000 (APC))<\/span> bis hin\u00a0zur Messung, Dokumentation und <span style=\"color: #ff0000;\">Zertifizierung von Glasfaser-Netzen<\/span> bieten wir s\u00e4mtliche Leistungen im Bereich Lichtwellenleiter in NRW an.<\/p>\n<div>Unsere Leistungen im Einzelnen:<\/div>\n<ul>\n<li>Spleissen mit Ger\u00e4ten von Fujikura (nach technischer Spezifikation TS 0290\/96 der Deutschen Telekom)<\/li>\n<li>Netzwerkplanung<\/li>\n<li>Neuinstallation von Glasfaser-Netzwerke<\/li>\n<li>Umbau bestehender Netzwerk-Infrastrukturen<\/li>\n<li>Installation einzelner Strecken<\/li>\n<li>Nachinstallation von Teilabschnitten<\/li>\n<li>Analyse bestehender IT-Infrastrukturen<\/li>\n<li>Netzwerkdokumentation<\/li>\n<li>Bestandsmessungen<\/li>\n<li>R\u00fcckbau \/ Deinstallation<\/li>\n<li>Konfektionierung (Kleben und Splei\u00dfen)<\/li>\n<li>Monomodefasern ( 9\/125\u03bcm)<\/li>\n<li>Multimodefasern ( 50\/125\u03bcm und 62,5\/125\u03bcm)<\/li>\n<\/ul>\n<\/div>\n<\/div><\/div><\/div><\/div><\/div><div id=\"pg-31-1\"  class=\"panel-grid panel-has-style\" ><div class=\"siteorigin-panels-stretch rocked-stretch panel-row-style panel-row-style-for-31-1\" style=\"text-align: center;padding: 0px 0; \" data-stretch-type=\"full\" ><div id=\"pgc-31-1-0\"  class=\"panel-grid-cell\" ><div id=\"panel-31-1-0-0\" class=\"so-panel widget widget_sow-slider panel-first-child panel-last-child\" data-index=\"1\" ><div\n\t\t\t\n\t\t\tclass=\"so-widget-sow-slider so-widget-sow-slider-default-6d39609536fd-31\"\n\t\t\t\n\t\t>\t\t\t\t<div class=\"sow-slider-base\" style=\"display: none\" tabindex=\"0\">\n\t\t\t\t\t<ul\n\t\t\t\t\tclass=\"sow-slider-images\"\n\t\t\t\t\tdata-settings=\"{&quot;pagination&quot;:true,&quot;speed&quot;:800,&quot;timeout&quot;:8000,&quot;paused&quot;:false,&quot;pause_on_hover&quot;:false,&quot;swipe&quot;:true,&quot;nav_always_show_desktop&quot;:&quot;&quot;,&quot;nav_always_show_mobile&quot;:&quot;&quot;,&quot;breakpoint&quot;:&quot;780px&quot;,&quot;unmute&quot;:false,&quot;anchor&quot;:null}\"\n\t\t\t\t\t\t\t\t\t\tdata-anchor-id=\"\"\n\t\t\t\t>\t\t<li class=\"sow-slider-image\" style=\"visibility: visible;\" >\n\t\t\t\t\t\t<img loading=\"lazy\" decoding=\"async\" width=\"800\" height=\"530\" src=\"https:\/\/www.lichtwellen-technik.de\/wp-content\/uploads\/2017\/01\/DSC0339.jpg\" class=\"sow-slider-background-image\" alt=\"\" style=\"\" srcset=\"https:\/\/www.lichtwellen-technik.de\/wp-content\/uploads\/2017\/01\/DSC0339.jpg 800w, https:\/\/www.lichtwellen-technik.de\/wp-content\/uploads\/2017\/01\/DSC0339-300x199.jpg 300w, https:\/\/www.lichtwellen-technik.de\/wp-content\/uploads\/2017\/01\/DSC0339-768x509.jpg 768w, https:\/\/www.lichtwellen-technik.de\/wp-content\/uploads\/2017\/01\/DSC0339-700x464.jpg 700w, https:\/\/www.lichtwellen-technik.de\/wp-content\/uploads\/2017\/01\/DSC0339-410x272.jpg 410w, https:\/\/www.lichtwellen-technik.de\/wp-content\/uploads\/2017\/01\/DSC0339-100x66.jpg 100w, https:\/\/www.lichtwellen-technik.de\/wp-content\/uploads\/2017\/01\/DSC0339-275x182.jpg 275w\" sizes=\"auto, (max-width: 800px) 100vw, 800px\" \/>\t\t<\/li>\n\t\t\t\t<li class=\"sow-slider-image\" style=\"visibility: hidden;\" >\n\t\t\t\t\t\t<img loading=\"lazy\" decoding=\"async\" width=\"1318\" height=\"1077\" src=\"https:\/\/www.lichtwellen-technik.de\/wp-content\/uploads\/2017\/01\/fsm-60s-2-1.jpg\" class=\"sow-slider-background-image\" alt=\"\" style=\"\" srcset=\"https:\/\/www.lichtwellen-technik.de\/wp-content\/uploads\/2017\/01\/fsm-60s-2-1.jpg 1318w, https:\/\/www.lichtwellen-technik.de\/wp-content\/uploads\/2017\/01\/fsm-60s-2-1-300x245.jpg 300w, https:\/\/www.lichtwellen-technik.de\/wp-content\/uploads\/2017\/01\/fsm-60s-2-1-768x628.jpg 768w, https:\/\/www.lichtwellen-technik.de\/wp-content\/uploads\/2017\/01\/fsm-60s-2-1-1024x837.jpg 1024w, https:\/\/www.lichtwellen-technik.de\/wp-content\/uploads\/2017\/01\/fsm-60s-2-1-700x572.jpg 700w, https:\/\/www.lichtwellen-technik.de\/wp-content\/uploads\/2017\/01\/fsm-60s-2-1-410x335.jpg 410w, https:\/\/www.lichtwellen-technik.de\/wp-content\/uploads\/2017\/01\/fsm-60s-2-1-100x82.jpg 100w, https:\/\/www.lichtwellen-technik.de\/wp-content\/uploads\/2017\/01\/fsm-60s-2-1-275x225.jpg 275w\" sizes=\"auto, (max-width: 1318px) 100vw, 1318px\" \/>\t\t<\/li>\n\t\t\t\t<li class=\"sow-slider-image\" style=\"visibility: hidden;\" >\n\t\t\t\t\t\t<img loading=\"lazy\" decoding=\"async\" width=\"1512\" height=\"1244\" src=\"https:\/\/www.lichtwellen-technik.de\/wp-content\/uploads\/2017\/01\/Zelt.jpg\" class=\"sow-slider-background-image\" alt=\"\" style=\"\" srcset=\"https:\/\/www.lichtwellen-technik.de\/wp-content\/uploads\/2017\/01\/Zelt.jpg 1512w, https:\/\/www.lichtwellen-technik.de\/wp-content\/uploads\/2017\/01\/Zelt-300x247.jpg 300w, https:\/\/www.lichtwellen-technik.de\/wp-content\/uploads\/2017\/01\/Zelt-768x632.jpg 768w, https:\/\/www.lichtwellen-technik.de\/wp-content\/uploads\/2017\/01\/Zelt-1024x842.jpg 1024w, https:\/\/www.lichtwellen-technik.de\/wp-content\/uploads\/2017\/01\/Zelt-700x576.jpg 700w, https:\/\/www.lichtwellen-technik.de\/wp-content\/uploads\/2017\/01\/Zelt-410x337.jpg 410w, https:\/\/www.lichtwellen-technik.de\/wp-content\/uploads\/2017\/01\/Zelt-100x82.jpg 100w, https:\/\/www.lichtwellen-technik.de\/wp-content\/uploads\/2017\/01\/Zelt-275x226.jpg 275w\" sizes=\"auto, (max-width: 1512px) 100vw, 1512px\" \/>\t\t<\/li>\n\t\t\t\t<li class=\"sow-slider-image\" style=\"visibility: hidden;\" >\n\t\t\t\t\t\t<img loading=\"lazy\" decoding=\"async\" width=\"640\" height=\"480\" src=\"https:\/\/www.lichtwellen-technik.de\/wp-content\/uploads\/2019\/05\/Hutschienenpatchfeld-1.jpg\" class=\"sow-slider-background-image\" alt=\"\" style=\"\" srcset=\"https:\/\/www.lichtwellen-technik.de\/wp-content\/uploads\/2019\/05\/Hutschienenpatchfeld-1.jpg 640w, https:\/\/www.lichtwellen-technik.de\/wp-content\/uploads\/2019\/05\/Hutschienenpatchfeld-1-300x225.jpg 300w, https:\/\/www.lichtwellen-technik.de\/wp-content\/uploads\/2019\/05\/Hutschienenpatchfeld-1-410x308.jpg 410w, https:\/\/www.lichtwellen-technik.de\/wp-content\/uploads\/2019\/05\/Hutschienenpatchfeld-1-100x75.jpg 100w, https:\/\/www.lichtwellen-technik.de\/wp-content\/uploads\/2019\/05\/Hutschienenpatchfeld-1-275x206.jpg 275w\" sizes=\"auto, (max-width: 640px) 100vw, 640px\" \/>\t\t<\/li>\n\t\t\t\t<li class=\"sow-slider-image\" style=\"visibility: hidden;\" >\n\t\t\t\t\t\t<img loading=\"lazy\" decoding=\"async\" width=\"1585\" height=\"808\" src=\"https:\/\/www.lichtwellen-technik.de\/wp-content\/uploads\/2017\/01\/patchfeld.jpg\" class=\"sow-slider-background-image\" alt=\"\" style=\"\" srcset=\"https:\/\/www.lichtwellen-technik.de\/wp-content\/uploads\/2017\/01\/patchfeld.jpg 1585w, https:\/\/www.lichtwellen-technik.de\/wp-content\/uploads\/2017\/01\/patchfeld-300x153.jpg 300w, https:\/\/www.lichtwellen-technik.de\/wp-content\/uploads\/2017\/01\/patchfeld-768x392.jpg 768w, https:\/\/www.lichtwellen-technik.de\/wp-content\/uploads\/2017\/01\/patchfeld-1024x522.jpg 1024w, https:\/\/www.lichtwellen-technik.de\/wp-content\/uploads\/2017\/01\/patchfeld-700x357.jpg 700w, https:\/\/www.lichtwellen-technik.de\/wp-content\/uploads\/2017\/01\/patchfeld-410x209.jpg 410w, https:\/\/www.lichtwellen-technik.de\/wp-content\/uploads\/2017\/01\/patchfeld-100x51.jpg 100w, https:\/\/www.lichtwellen-technik.de\/wp-content\/uploads\/2017\/01\/patchfeld-275x140.jpg 275w\" sizes=\"auto, (max-width: 1585px) 100vw, 1585px\" \/>\t\t<\/li>\n\t\t\t\t<li class=\"sow-slider-image\" style=\"visibility: hidden;\" >\n\t\t\t\t\t\t<img loading=\"lazy\" decoding=\"async\" width=\"1101\" height=\"1001\" src=\"https:\/\/www.lichtwellen-technik.de\/wp-content\/uploads\/2017\/01\/nachlauffaser.jpg\" class=\"sow-slider-background-image\" alt=\"\" style=\"\" srcset=\"https:\/\/www.lichtwellen-technik.de\/wp-content\/uploads\/2017\/01\/nachlauffaser.jpg 1101w, https:\/\/www.lichtwellen-technik.de\/wp-content\/uploads\/2017\/01\/nachlauffaser-300x273.jpg 300w, https:\/\/www.lichtwellen-technik.de\/wp-content\/uploads\/2017\/01\/nachlauffaser-768x698.jpg 768w, https:\/\/www.lichtwellen-technik.de\/wp-content\/uploads\/2017\/01\/nachlauffaser-1024x931.jpg 1024w, https:\/\/www.lichtwellen-technik.de\/wp-content\/uploads\/2017\/01\/nachlauffaser-700x636.jpg 700w, https:\/\/www.lichtwellen-technik.de\/wp-content\/uploads\/2017\/01\/nachlauffaser-410x373.jpg 410w, https:\/\/www.lichtwellen-technik.de\/wp-content\/uploads\/2017\/01\/nachlauffaser-100x91.jpg 100w, https:\/\/www.lichtwellen-technik.de\/wp-content\/uploads\/2017\/01\/nachlauffaser-275x250.jpg 275w\" sizes=\"auto, (max-width: 1101px) 100vw, 1101px\" \/>\t\t<\/li>\n\t\t\t\t<li class=\"sow-slider-image\" style=\"visibility: hidden;\" >\n\t\t\t\t\t\t<img loading=\"lazy\" decoding=\"async\" width=\"1474\" height=\"982\" src=\"https:\/\/www.lichtwellen-technik.de\/wp-content\/uploads\/2017\/01\/muffe-1.jpg\" class=\"sow-slider-background-image\" alt=\"\" style=\"\" srcset=\"https:\/\/www.lichtwellen-technik.de\/wp-content\/uploads\/2017\/01\/muffe-1.jpg 1474w, https:\/\/www.lichtwellen-technik.de\/wp-content\/uploads\/2017\/01\/muffe-1-300x200.jpg 300w, https:\/\/www.lichtwellen-technik.de\/wp-content\/uploads\/2017\/01\/muffe-1-768x512.jpg 768w, https:\/\/www.lichtwellen-technik.de\/wp-content\/uploads\/2017\/01\/muffe-1-1024x682.jpg 1024w, https:\/\/www.lichtwellen-technik.de\/wp-content\/uploads\/2017\/01\/muffe-1-700x466.jpg 700w, https:\/\/www.lichtwellen-technik.de\/wp-content\/uploads\/2017\/01\/muffe-1-410x273.jpg 410w, https:\/\/www.lichtwellen-technik.de\/wp-content\/uploads\/2017\/01\/muffe-1-100x67.jpg 100w, https:\/\/www.lichtwellen-technik.de\/wp-content\/uploads\/2017\/01\/muffe-1-275x183.jpg 275w, https:\/\/www.lichtwellen-technik.de\/wp-content\/uploads\/2017\/01\/muffe-1-272x182.jpg 272w\" sizes=\"auto, (max-width: 1474px) 100vw, 1474px\" \/>\t\t<\/li>\n\t\t\t\t<li class=\"sow-slider-image\" style=\"visibility: hidden;\" >\n\t\t\t\t\t\t<img loading=\"lazy\" decoding=\"async\" width=\"993\" height=\"1280\" src=\"https:\/\/www.lichtwellen-technik.de\/wp-content\/uploads\/2019\/03\/b1.jpg\" class=\"sow-slider-background-image\" alt=\"\" style=\"\" srcset=\"https:\/\/www.lichtwellen-technik.de\/wp-content\/uploads\/2019\/03\/b1.jpg 993w, https:\/\/www.lichtwellen-technik.de\/wp-content\/uploads\/2019\/03\/b1-233x300.jpg 233w, https:\/\/www.lichtwellen-technik.de\/wp-content\/uploads\/2019\/03\/b1-768x990.jpg 768w, https:\/\/www.lichtwellen-technik.de\/wp-content\/uploads\/2019\/03\/b1-794x1024.jpg 794w, https:\/\/www.lichtwellen-technik.de\/wp-content\/uploads\/2019\/03\/b1-700x902.jpg 700w, https:\/\/www.lichtwellen-technik.de\/wp-content\/uploads\/2019\/03\/b1-410x528.jpg 410w, https:\/\/www.lichtwellen-technik.de\/wp-content\/uploads\/2019\/03\/b1-100x129.jpg 100w, https:\/\/www.lichtwellen-technik.de\/wp-content\/uploads\/2019\/03\/b1-275x354.jpg 275w\" sizes=\"auto, (max-width: 993px) 100vw, 993px\" \/>\t\t<\/li>\n\t\t\t\t<li class=\"sow-slider-image\" style=\"visibility: hidden;\" >\n\t\t\t\t\t\t<img loading=\"lazy\" decoding=\"async\" width=\"1512\" height=\"2016\" src=\"https:\/\/www.lichtwellen-technik.de\/wp-content\/uploads\/2019\/03\/b4-e1551696181251.jpg\" class=\"sow-slider-background-image\" alt=\"\" style=\"\" srcset=\"https:\/\/www.lichtwellen-technik.de\/wp-content\/uploads\/2019\/03\/b4-e1551696181251.jpg 1512w, https:\/\/www.lichtwellen-technik.de\/wp-content\/uploads\/2019\/03\/b4-e1551696181251-225x300.jpg 225w, https:\/\/www.lichtwellen-technik.de\/wp-content\/uploads\/2019\/03\/b4-e1551696181251-768x1024.jpg 768w, https:\/\/www.lichtwellen-technik.de\/wp-content\/uploads\/2019\/03\/b4-e1551696181251-700x933.jpg 700w, https:\/\/www.lichtwellen-technik.de\/wp-content\/uploads\/2019\/03\/b4-e1551696181251-410x547.jpg 410w, https:\/\/www.lichtwellen-technik.de\/wp-content\/uploads\/2019\/03\/b4-e1551696181251-100x133.jpg 100w, https:\/\/www.lichtwellen-technik.de\/wp-content\/uploads\/2019\/03\/b4-e1551696181251-275x367.jpg 275w\" sizes=\"auto, (max-width: 1512px) 100vw, 1512px\" \/>\t\t<\/li>\n\t\t\t\t<li class=\"sow-slider-image\" style=\"visibility: hidden;\" >\n\t\t\t\t\t\t<img loading=\"lazy\" decoding=\"async\" width=\"1512\" height=\"2016\" src=\"https:\/\/www.lichtwellen-technik.de\/wp-content\/uploads\/2019\/03\/b3-e1551696159838.jpg\" class=\"sow-slider-background-image\" alt=\"\" style=\"\" srcset=\"https:\/\/www.lichtwellen-technik.de\/wp-content\/uploads\/2019\/03\/b3-e1551696159838.jpg 1512w, https:\/\/www.lichtwellen-technik.de\/wp-content\/uploads\/2019\/03\/b3-e1551696159838-225x300.jpg 225w, https:\/\/www.lichtwellen-technik.de\/wp-content\/uploads\/2019\/03\/b3-e1551696159838-768x1024.jpg 768w, https:\/\/www.lichtwellen-technik.de\/wp-content\/uploads\/2019\/03\/b3-e1551696159838-700x933.jpg 700w, https:\/\/www.lichtwellen-technik.de\/wp-content\/uploads\/2019\/03\/b3-e1551696159838-410x547.jpg 410w, https:\/\/www.lichtwellen-technik.de\/wp-content\/uploads\/2019\/03\/b3-e1551696159838-100x133.jpg 100w, https:\/\/www.lichtwellen-technik.de\/wp-content\/uploads\/2019\/03\/b3-e1551696159838-275x367.jpg 275w\" sizes=\"auto, (max-width: 1512px) 100vw, 1512px\" \/>\t\t<\/li>\n\t\t\t\t<li class=\"sow-slider-image\" style=\"visibility: hidden;\" >\n\t\t\t\t\t\t<img loading=\"lazy\" decoding=\"async\" width=\"1512\" height=\"2016\" src=\"https:\/\/www.lichtwellen-technik.de\/wp-content\/uploads\/2019\/03\/b2-e1551696141674.jpg\" class=\"sow-slider-background-image\" alt=\"\" style=\"\" srcset=\"https:\/\/www.lichtwellen-technik.de\/wp-content\/uploads\/2019\/03\/b2-e1551696141674.jpg 1512w, https:\/\/www.lichtwellen-technik.de\/wp-content\/uploads\/2019\/03\/b2-e1551696141674-225x300.jpg 225w, https:\/\/www.lichtwellen-technik.de\/wp-content\/uploads\/2019\/03\/b2-e1551696141674-768x1024.jpg 768w, https:\/\/www.lichtwellen-technik.de\/wp-content\/uploads\/2019\/03\/b2-e1551696141674-700x933.jpg 700w, https:\/\/www.lichtwellen-technik.de\/wp-content\/uploads\/2019\/03\/b2-e1551696141674-410x547.jpg 410w, https:\/\/www.lichtwellen-technik.de\/wp-content\/uploads\/2019\/03\/b2-e1551696141674-100x133.jpg 100w, https:\/\/www.lichtwellen-technik.de\/wp-content\/uploads\/2019\/03\/b2-e1551696141674-275x367.jpg 275w\" sizes=\"auto, (max-width: 1512px) 100vw, 1512px\" \/>\t\t<\/li>\n\t\t\t\t<li class=\"sow-slider-image\" style=\"visibility: hidden;\" >\n\t\t\t\t\t\t<img loading=\"lazy\" decoding=\"async\" width=\"640\" height=\"341\" src=\"https:\/\/www.lichtwellen-technik.de\/wp-content\/uploads\/2020\/02\/Auto2.jpg\" class=\"sow-slider-background-image\" alt=\"\" style=\"\" srcset=\"https:\/\/www.lichtwellen-technik.de\/wp-content\/uploads\/2020\/02\/Auto2.jpg 640w, https:\/\/www.lichtwellen-technik.de\/wp-content\/uploads\/2020\/02\/Auto2-300x160.jpg 300w, https:\/\/www.lichtwellen-technik.de\/wp-content\/uploads\/2020\/02\/Auto2-410x218.jpg 410w, https:\/\/www.lichtwellen-technik.de\/wp-content\/uploads\/2020\/02\/Auto2-100x53.jpg 100w, https:\/\/www.lichtwellen-technik.de\/wp-content\/uploads\/2020\/02\/Auto2-275x147.jpg 275w\" sizes=\"auto, (max-width: 640px) 100vw, 640px\" \/>\t\t<\/li>\n\t\t\t\t<li class=\"sow-slider-image\" style=\"visibility: hidden;\" >\n\t\t\t\t\t\t<img loading=\"lazy\" decoding=\"async\" width=\"640\" height=\"480\" src=\"https:\/\/www.lichtwellen-technik.de\/wp-content\/uploads\/2020\/02\/Auto1.jpg\" class=\"sow-slider-background-image\" alt=\"\" style=\"\" srcset=\"https:\/\/www.lichtwellen-technik.de\/wp-content\/uploads\/2020\/02\/Auto1.jpg 640w, https:\/\/www.lichtwellen-technik.de\/wp-content\/uploads\/2020\/02\/Auto1-300x225.jpg 300w, https:\/\/www.lichtwellen-technik.de\/wp-content\/uploads\/2020\/02\/Auto1-410x308.jpg 410w, https:\/\/www.lichtwellen-technik.de\/wp-content\/uploads\/2020\/02\/Auto1-100x75.jpg 100w, https:\/\/www.lichtwellen-technik.de\/wp-content\/uploads\/2020\/02\/Auto1-275x206.jpg 275w\" sizes=\"auto, (max-width: 640px) 100vw, 640px\" \/>\t\t<\/li>\n\t\t<\/ul>\t\t\t\t<ol class=\"sow-slider-pagination\">\n\t\t\t\t\t\t\t\t\t\t\t<li><a href=\"#\" data-goto=\"0\" aria-label=\"Display slide 1\"><\/a><\/li>\n\t\t\t\t\t\t\t\t\t\t\t<li><a href=\"#\" data-goto=\"1\" aria-label=\"Display slide 2\"><\/a><\/li>\n\t\t\t\t\t\t\t\t\t\t\t<li><a href=\"#\" data-goto=\"2\" aria-label=\"Display slide 3\"><\/a><\/li>\n\t\t\t\t\t\t\t\t\t\t\t<li><a href=\"#\" data-goto=\"3\" aria-label=\"Display slide 4\"><\/a><\/li>\n\t\t\t\t\t\t\t\t\t\t\t<li><a href=\"#\" data-goto=\"4\" aria-label=\"Display slide 5\"><\/a><\/li>\n\t\t\t\t\t\t\t\t\t\t\t<li><a href=\"#\" data-goto=\"5\" aria-label=\"Display slide 6\"><\/a><\/li>\n\t\t\t\t\t\t\t\t\t\t\t<li><a href=\"#\" data-goto=\"6\" aria-label=\"Display slide 7\"><\/a><\/li>\n\t\t\t\t\t\t\t\t\t\t\t<li><a href=\"#\" data-goto=\"7\" aria-label=\"Display slide 8\"><\/a><\/li>\n\t\t\t\t\t\t\t\t\t\t\t<li><a href=\"#\" data-goto=\"8\" aria-label=\"Display slide 9\"><\/a><\/li>\n\t\t\t\t\t\t\t\t\t\t\t<li><a href=\"#\" data-goto=\"9\" aria-label=\"Display slide 10\"><\/a><\/li>\n\t\t\t\t\t\t\t\t\t\t\t<li><a href=\"#\" data-goto=\"10\" aria-label=\"Display slide 11\"><\/a><\/li>\n\t\t\t\t\t\t\t\t\t\t\t<li><a href=\"#\" data-goto=\"11\" aria-label=\"Display slide 12\"><\/a><\/li>\n\t\t\t\t\t\t\t\t\t\t\t<li><a href=\"#\" data-goto=\"12\" aria-label=\"Display slide 13\"><\/a><\/li>\n\t\t\t\t\t\t\t\t\t<\/ol>\n\n\t\t\t\t<div class=\"sow-slide-nav sow-slide-nav-next\">\n\t\t\t\t\t<a href=\"#\" data-goto=\"next\" aria-label=\"Next slide\" data-action=\"next\">\n\t\t\t\t\t\t<em class=\"sow-sld-icon-thick-right\"><\/em>\n\t\t\t\t\t<\/a>\n\t\t\t\t<\/div>\n\n\t\t\t\t<div class=\"sow-slide-nav sow-slide-nav-prev\">\n\t\t\t\t\t<a href=\"#\" data-goto=\"previous\" aria-label=\"Previous slide\" data-action=\"prev\">\n\t\t\t\t\t\t<em class=\"sow-sld-icon-thick-left\"><\/em>\n\t\t\t\t\t<\/a>\n\t\t\t\t<\/div>\n\t\t\t\t<\/div><\/div><\/div><\/div><\/div><\/div><\/div>","protected":false},"excerpt":{"rendered":"<p>Der Splei\u00df-Profi in NRW Jobs: Wir suchen Dich! Achtung: Neue Preisliste ab Juli 2023 Lichtwellen oder Glasfasernetzwerke finden sowohl in der Geb\u00e4ude- und Serveranbindung, aber auch in lokalen Netzwerken\u00a0Anwendung. Angefangen bei der fachgerechten Installation von Lichtwellenleiter-Kabel \u00fcber die dazugeh\u00f6rigen\u00a0 Spleissarbeiten\u00a0 (LWL Patchfelder &#8211;\u00a0FIST Muffentechnik) mit unserem Spleissger\u00e4ten Fujikura FSM-90S+ FSM-60S f\u00fcr alle g\u00e4ngigen Stecker-Bauformen (ST [&hellip;]<\/p>\n","protected":false},"author":5,"featured_media":0,"parent":0,"menu_order":0,"comment_status":"closed","ping_status":"closed","template":"page-templates\/page_single-crelly-wide.php","meta":{"footnotes":""},"class_list":["post-31","page","type-page","status-publish","hentry"],"_links":{"self":[{"href":"https:\/\/www.lichtwellen-technik.de\/index.php?rest_route=\/wp\/v2\/pages\/31","targetHints":{"allow":["GET"]}}],"collection":[{"href":"https:\/\/www.lichtwellen-technik.de\/index.php?rest_route=\/wp\/v2\/pages"}],"about":[{"href":"https:\/\/www.lichtwellen-technik.de\/index.php?rest_route=\/wp\/v2\/types\/page"}],"author":[{"embeddable":true,"href":"https:\/\/www.lichtwellen-technik.de\/index.php?rest_route=\/wp\/v2\/users\/5"}],"replies":[{"embeddable":true,"href":"https:\/\/www.lichtwellen-technik.de\/index.php?rest_route=%2Fwp%2Fv2%2Fcomments&post=31"}],"version-history":[{"count":103,"href":"https:\/\/www.lichtwellen-technik.de\/index.php?rest_route=\/wp\/v2\/pages\/31\/revisions"}],"predecessor-version":[{"id":572,"href":"https:\/\/www.lichtwellen-technik.de\/index.php?rest_route=\/wp\/v2\/pages\/31\/revisions\/572"}],"wp:attachment":[{"href":"https:\/\/www.lichtwellen-technik.de\/index.php?rest_route=%2Fwp%2Fv2%2Fmedia&parent=31"}],"curies":[{"name":"wp","href":"https:\/\/api.w.org\/{rel}","templated":true}]}}