{"id":33,"date":"2017-01-23T11:36:38","date_gmt":"2017-01-23T10:36:38","guid":{"rendered":"http:\/\/www.lichtwellen-technik.de\/?page_id=33"},"modified":"2017-02-09T11:26:38","modified_gmt":"2017-02-09T10:26:38","slug":"spleissgeraet","status":"publish","type":"page","link":"https:\/\/www.lichtwellen-technik.de\/?page_id=33","title":{"rendered":"Splei\u00dfger\u00e4t"},"content":{"rendered":"<div id=\"pl-33\"  class=\"panel-layout\" ><div id=\"pg-33-0\"  class=\"panel-grid panel-has-style\" ><div style=\"padding: 0px 0; \" class=\"panel-row-style panel-row-style-for-33-0\" ><div id=\"pgc-33-0-0\"  class=\"panel-grid-cell\" ><div id=\"panel-33-0-0-0\" class=\"so-panel widget widget_sow-editor panel-first-child\" data-index=\"0\" ><div\n\t\t\t\n\t\t\tclass=\"so-widget-sow-editor so-widget-sow-editor-base\"\n\t\t\t\n\t\t><h3 class=\"widget-title\">Splei\u00dfger\u00e4t<\/h3>\n<div class=\"siteorigin-widget-tinymce textwidget\">\n\t<p>Unsere Splei\u00dfger\u00e4te geh\u00f6ren mit zu den modernsten Ger\u00e4ten die auf dem Markt zu bekommen sind ...<\/p>\n<ul>\n<li>\n<h5>3x Fujikura FSM-60s<\/h5>\n<\/li>\n<li>1x Fujikura FSM-16s<\/li>\n<\/ul>\n<p>Merkmale des Fujikura Splei\u00dfger\u00e4tes FSM60S:<\/p>\n<ul>\n<li>Vollautomatischer Splei\u00df in nur 9 Sekunden!<\/li>\n<li>Typ. Splei\u00dfd\u00e4mpfung 0,02dB bei SM<\/li>\n<li>Automatische Lichtbogenkalibrierung<\/li>\n<li>Sehr leicht, nur 2,7 kg inklusive Akku<\/li>\n<li>Sehr kompakt, nur 136 x 161 x 143 mm<\/li>\n<li>Speicher f\u00fcr 2000 Spleisse, USB-Schnittstelle<\/li>\n<li>PAS-Faserkernausrichtungssystem mit 2 CCD-Kameras daher besonders geeignet f\u00fcr biegeunempfindliche Fasern und Fasern unterschiedlicher Durchmesser<\/li>\n<li>Wahlweises Arbeiten mit Faserhaltern<\/li>\n<li>Automatische Fasererkennung und Selbstdiagnose-Funktion<\/li>\n<li>Lange Lebensdauer: Entwickelt f\u00fcr bis zu 300.000 Spleisse<\/li>\n<li>Monitor vorn oder hinten<\/li>\n<li>Stromversorgung: 100-240 VAC oder Akku mit Kapazit\u00e4t f\u00fcr 160 Splei\u00df-\/Schrumpfzyklen<\/li>\n<li>Automatische Akkupufferung<\/li>\n<\/ul>\n<\/div>\n<\/div><\/div><div id=\"panel-33-0-0-1\" class=\"so-panel widget widget_sow-editor\" data-index=\"1\" ><div\n\t\t\t\n\t\t\tclass=\"so-widget-sow-editor so-widget-sow-editor-base\"\n\t\t\t\n\t\t>\n<div class=\"siteorigin-widget-tinymce textwidget\">\n\t<h4 style=\"text-align: left;\">Kalibrieren und Wartung der Splei\u00dfger\u00e4te wird durch \"<a href=\"http:\/\/www.opternus.de\/\">Opternus<\/a>\" duchgef\u00fchrt<\/h4>\n<\/div>\n<\/div><\/div><div id=\"panel-33-0-0-2\" class=\"so-panel widget widget_sow-slider panel-last-child\" data-index=\"2\" ><div\n\t\t\t\n\t\t\tclass=\"so-widget-sow-slider so-widget-sow-slider-default-6d39609536fd-33\"\n\t\t\t\n\t\t>\t\t\t\t<div class=\"sow-slider-base\" style=\"display: none\" tabindex=\"0\">\n\t\t\t\t\t<ul\n\t\t\t\t\tclass=\"sow-slider-images\"\n\t\t\t\t\tdata-settings=\"{&quot;pagination&quot;:true,&quot;speed&quot;:800,&quot;timeout&quot;:8000,&quot;paused&quot;:false,&quot;pause_on_hover&quot;:false,&quot;swipe&quot;:true,&quot;nav_always_show_desktop&quot;:&quot;&quot;,&quot;nav_always_show_mobile&quot;:&quot;&quot;,&quot;breakpoint&quot;:&quot;780px&quot;,&quot;unmute&quot;:false,&quot;anchor&quot;:null}\"\n\t\t\t\t\t\t\t\t\t\tdata-anchor-id=\"\"\n\t\t\t\t>\t\t<li class=\"sow-slider-image\" style=\"visibility: visible;\" >\n\t\t\t\t\t\t<img loading=\"lazy\" decoding=\"async\" width=\"1532\" height=\"933\" src=\"https:\/\/www.lichtwellen-technik.de\/wp-content\/uploads\/2017\/01\/messequipment.jpg\" class=\"sow-slider-background-image\" alt=\"\" style=\"\" srcset=\"https:\/\/www.lichtwellen-technik.de\/wp-content\/uploads\/2017\/01\/messequipment.jpg 1532w, https:\/\/www.lichtwellen-technik.de\/wp-content\/uploads\/2017\/01\/messequipment-300x183.jpg 300w, https:\/\/www.lichtwellen-technik.de\/wp-content\/uploads\/2017\/01\/messequipment-768x468.jpg 768w, https:\/\/www.lichtwellen-technik.de\/wp-content\/uploads\/2017\/01\/messequipment-1024x624.jpg 1024w, https:\/\/www.lichtwellen-technik.de\/wp-content\/uploads\/2017\/01\/messequipment-700x426.jpg 700w, https:\/\/www.lichtwellen-technik.de\/wp-content\/uploads\/2017\/01\/messequipment-410x250.jpg 410w, https:\/\/www.lichtwellen-technik.de\/wp-content\/uploads\/2017\/01\/messequipment-100x61.jpg 100w, https:\/\/www.lichtwellen-technik.de\/wp-content\/uploads\/2017\/01\/messequipment-275x167.jpg 275w\" sizes=\"auto, (max-width: 1532px) 100vw, 1532px\" \/>\t\t<\/li>\n\t\t\t\t<li class=\"sow-slider-image\" style=\"visibility: hidden;\" >\n\t\t\t\t\t\t<img loading=\"lazy\" decoding=\"async\" width=\"2119\" height=\"2478\" src=\"https:\/\/www.lichtwellen-technik.de\/wp-content\/uploads\/2017\/01\/sp-3.jpg\" class=\"sow-slider-background-image\" alt=\"\" style=\"\" srcset=\"https:\/\/www.lichtwellen-technik.de\/wp-content\/uploads\/2017\/01\/sp-3.jpg 2119w, https:\/\/www.lichtwellen-technik.de\/wp-content\/uploads\/2017\/01\/sp-3-257x300.jpg 257w, https:\/\/www.lichtwellen-technik.de\/wp-content\/uploads\/2017\/01\/sp-3-768x898.jpg 768w, https:\/\/www.lichtwellen-technik.de\/wp-content\/uploads\/2017\/01\/sp-3-876x1024.jpg 876w, https:\/\/www.lichtwellen-technik.de\/wp-content\/uploads\/2017\/01\/sp-3-700x819.jpg 700w, https:\/\/www.lichtwellen-technik.de\/wp-content\/uploads\/2017\/01\/sp-3-410x479.jpg 410w, https:\/\/www.lichtwellen-technik.de\/wp-content\/uploads\/2017\/01\/sp-3-100x117.jpg 100w, https:\/\/www.lichtwellen-technik.de\/wp-content\/uploads\/2017\/01\/sp-3-275x322.jpg 275w\" sizes=\"auto, (max-width: 2119px) 100vw, 2119px\" \/>\t\t<\/li>\n\t\t\t\t<li class=\"sow-slider-image\" style=\"visibility: hidden;\" >\n\t\t\t\t\t\t<img loading=\"lazy\" decoding=\"async\" width=\"800\" height=\"530\" src=\"https:\/\/www.lichtwellen-technik.de\/wp-content\/uploads\/2017\/01\/DSC0339.jpg\" class=\"sow-slider-background-image\" alt=\"\" style=\"\" srcset=\"https:\/\/www.lichtwellen-technik.de\/wp-content\/uploads\/2017\/01\/DSC0339.jpg 800w, https:\/\/www.lichtwellen-technik.de\/wp-content\/uploads\/2017\/01\/DSC0339-300x199.jpg 300w, https:\/\/www.lichtwellen-technik.de\/wp-content\/uploads\/2017\/01\/DSC0339-768x509.jpg 768w, https:\/\/www.lichtwellen-technik.de\/wp-content\/uploads\/2017\/01\/DSC0339-700x464.jpg 700w, https:\/\/www.lichtwellen-technik.de\/wp-content\/uploads\/2017\/01\/DSC0339-410x272.jpg 410w, https:\/\/www.lichtwellen-technik.de\/wp-content\/uploads\/2017\/01\/DSC0339-100x66.jpg 100w, https:\/\/www.lichtwellen-technik.de\/wp-content\/uploads\/2017\/01\/DSC0339-275x182.jpg 275w\" sizes=\"auto, (max-width: 800px) 100vw, 800px\" \/>\t\t<\/li>\n\t\t<\/ul>\t\t\t\t<ol class=\"sow-slider-pagination\">\n\t\t\t\t\t\t\t\t\t\t\t<li><a href=\"#\" data-goto=\"0\" aria-label=\"Display slide 1\"><\/a><\/li>\n\t\t\t\t\t\t\t\t\t\t\t<li><a href=\"#\" data-goto=\"1\" aria-label=\"Display slide 2\"><\/a><\/li>\n\t\t\t\t\t\t\t\t\t\t\t<li><a href=\"#\" data-goto=\"2\" aria-label=\"Display slide 3\"><\/a><\/li>\n\t\t\t\t\t\t\t\t\t<\/ol>\n\n\t\t\t\t<div class=\"sow-slide-nav sow-slide-nav-next\">\n\t\t\t\t\t<a href=\"#\" data-goto=\"next\" aria-label=\"Next slide\" data-action=\"next\">\n\t\t\t\t\t\t<em class=\"sow-sld-icon-thin-right\"><\/em>\n\t\t\t\t\t<\/a>\n\t\t\t\t<\/div>\n\n\t\t\t\t<div class=\"sow-slide-nav sow-slide-nav-prev\">\n\t\t\t\t\t<a href=\"#\" data-goto=\"previous\" aria-label=\"Previous slide\" data-action=\"prev\">\n\t\t\t\t\t\t<em class=\"sow-sld-icon-thin-left\"><\/em>\n\t\t\t\t\t<\/a>\n\t\t\t\t<\/div>\n\t\t\t\t<\/div><\/div><\/div><\/div><\/div><\/div><\/div>","protected":false},"excerpt":{"rendered":"<p>Unsere Splei\u00dfger\u00e4te geh\u00f6ren mit zu den modernsten Ger\u00e4ten die auf dem Markt zu bekommen sind &#8230;3x Fujikura FSM-60s1x Fujikura FSM-16sMerkmale des Fujikura Splei\u00dfger\u00e4tes FSM60S:Vollautomatischer Splei\u00df in nur 9 Sekunden!Typ. Splei\u00dfd\u00e4mpfung 0,02dB bei SMAutomatische LichtbogenkalibrierungSehr leicht, nur 2,7 kg inklusive AkkuSehr kompakt, nur 136 x 161 x 143 mmSpeicher f\u00fcr 2000 Spleisse, USB-SchnittstellePAS-Faserkernausrichtungssystem mit 2 CCD-Kameras [&hellip;]<\/p>\n","protected":false},"author":5,"featured_media":0,"parent":0,"menu_order":0,"comment_status":"closed","ping_status":"closed","template":"page-templates\/page_single-crelly-wide.php","meta":{"footnotes":""},"class_list":["post-33","page","type-page","status-publish","hentry"],"_links":{"self":[{"href":"https:\/\/www.lichtwellen-technik.de\/index.php?rest_route=\/wp\/v2\/pages\/33","targetHints":{"allow":["GET"]}}],"collection":[{"href":"https:\/\/www.lichtwellen-technik.de\/index.php?rest_route=\/wp\/v2\/pages"}],"about":[{"href":"https:\/\/www.lichtwellen-technik.de\/index.php?rest_route=\/wp\/v2\/types\/page"}],"author":[{"embeddable":true,"href":"https:\/\/www.lichtwellen-technik.de\/index.php?rest_route=\/wp\/v2\/users\/5"}],"replies":[{"embeddable":true,"href":"https:\/\/www.lichtwellen-technik.de\/index.php?rest_route=%2Fwp%2Fv2%2Fcomments&post=33"}],"version-history":[{"count":19,"href":"https:\/\/www.lichtwellen-technik.de\/index.php?rest_route=\/wp\/v2\/pages\/33\/revisions"}],"predecessor-version":[{"id":199,"href":"https:\/\/www.lichtwellen-technik.de\/index.php?rest_route=\/wp\/v2\/pages\/33\/revisions\/199"}],"wp:attachment":[{"href":"https:\/\/www.lichtwellen-technik.de\/index.php?rest_route=%2Fwp%2Fv2%2Fmedia&parent=33"}],"curies":[{"name":"wp","href":"https:\/\/api.w.org\/{rel}","templated":true}]}}